{"id":8,"date":"2024-02-15T09:30:53","date_gmt":"2024-02-15T09:30:53","guid":{"rendered":"http:\/\/eskuvo.kovacs-pataki.hu\/?page_id=8"},"modified":"2024-03-15T15:18:02","modified_gmt":"2024-03-15T15:18:02","slug":"kezdolap","status":"publish","type":"page","link":"https:\/\/eskuvo.kovacs-pataki.hu\/","title":{"rendered":"Kezd\u0151lap"},"content":{"rendered":"<p>[et_pb_section fb_built=&#8221;1&#8243; fullwidth=&#8221;on&#8221; disabled_on=&#8221;off|off|on&#8221; _builder_version=&#8221;4.21.0&#8243; _module_preset=&#8221;default&#8221; custom_margin=&#8221;0px||0px||true|false&#8221; global_colors_info=&#8221;{}&#8221;][et_pb_fullwidth_image src=&#8221;http:\/\/eskuvo.kovacs-pataki.hu\/wp-content\/uploads\/2024\/03\/KP-2-scaled.jpg&#8221; title_text=&#8221;KP-2&#8243; _builder_version=&#8221;4.21.0&#8243; _module_preset=&#8221;default&#8221; global_colors_info=&#8221;{}&#8221;][\/et_pb_fullwidth_image][\/et_pb_section][et_pb_section fb_built=&#8221;1&#8243; _builder_version=&#8221;4.21.0&#8243; _module_preset=&#8221;default&#8221; custom_margin=&#8221;||||false&#8221; custom_padding=&#8221;30px||30px||true|false&#8221; global_colors_info=&#8221;{}&#8221;][et_pb_row disabled_on=&#8221;on|on|off&#8221; _builder_version=&#8221;4.21.0&#8243; _module_preset=&#8221;default&#8221; width=&#8221;60%&#8221; width_tablet=&#8221;60%&#8221; width_phone=&#8221;95%&#8221; width_last_edited=&#8221;on|phone&#8221; global_colors_info=&#8221;{}&#8221;][et_pb_column type=&#8221;4_4&#8243; _builder_version=&#8221;4.21.0&#8243; _module_preset=&#8221;default&#8221; global_colors_info=&#8221;{}&#8221;][et_pb_image src=&#8221;http:\/\/eskuvo.kovacs-pataki.hu\/wp-content\/uploads\/2024\/03\/KP-2-scaled.jpg&#8221; title_text=&#8221;KP-2&#8243; _builder_version=&#8221;4.21.0&#8243; _module_preset=&#8221;default&#8221; border_radii=&#8221;on|20px|20px|20px|20px&#8221; global_colors_info=&#8221;{}&#8221;][\/et_pb_image][\/et_pb_column][\/et_pb_row][et_pb_row use_custom_gutter=&#8221;on&#8221; gutter_width=&#8221;2&#8243; make_equal=&#8221;on&#8221; _builder_version=&#8221;4.21.0&#8243; _module_preset=&#8221;default&#8221; background_enable_color=&#8221;off&#8221; width=&#8221;60%&#8221; width_tablet=&#8221;60%&#8221; width_phone=&#8221;95%&#8221; width_last_edited=&#8221;on|phone&#8221; custom_margin=&#8221;0px||30px||false|false&#8221; custom_padding=&#8221;0px|20px|0px|20px|true|true&#8221; border_radii=&#8221;on|20px|20px|20px|20px&#8221; border_color_all=&#8221;#D6D6D6&#8243; global_colors_info=&#8221;{}&#8221;][et_pb_column type=&#8221;4_4&#8243; _builder_version=&#8221;4.21.0&#8243; _module_preset=&#8221;default&#8221; global_colors_info=&#8221;{}&#8221;][et_pb_text _builder_version=&#8221;4.21.0&#8243; _module_preset=&#8221;default&#8221; text_font=&#8221;DM Sans||||||||&#8221; text_text_color=&#8221;#474747&#8243; text_font_size=&#8221;20px&#8221; text_line_height=&#8221;1.4em&#8221; header_font=&#8221;DM Serif Display||||||||&#8221; header_line_height=&#8221;1.4em&#8221; text_orientation=&#8221;center&#8221; custom_margin=&#8221;30px||30px||true|false&#8221; global_colors_info=&#8221;{}&#8221;]<\/p>\n<h1>Kedves Csal\u00e1dunk \u00e9s Bar\u00e1taink!<\/h1>\n<p>Nagy \u00f6r\u00f6mmel megh\u00edvunk, hogy vel\u00fcnk \u00fcnnepelj\u00e9tek szerelm\u00fcnket \u00e9s \u00faj, k\u00f6z\u00f6s \u00e9let\u00fcnk kezdet\u00e9t<\/p>\n<h1>2024. J\u00fanius elsej\u00e9n<\/h1>\n<p>d\u00e9lut\u00e1n n\u00e9gy \u00f3r\u00e1t\u00f3l hajnali k\u00e9t \u00f3r\u00e1ig a Nap-v\u00f6lgy Bor\u00e1szatban, Egerben!<\/p>\n<p>[\/et_pb_text][\/et_pb_column][\/et_pb_row][et_pb_row use_custom_gutter=&#8221;on&#8221; gutter_width=&#8221;2&#8243; make_equal=&#8221;on&#8221; _builder_version=&#8221;4.21.0&#8243; _module_preset=&#8221;default&#8221; background_enable_color=&#8221;off&#8221; width=&#8221;60%&#8221; width_tablet=&#8221;60%&#8221; width_phone=&#8221;95%&#8221; width_last_edited=&#8221;on|phone&#8221; custom_margin=&#8221;||60px||false|false&#8221; custom_padding=&#8221;20px|20px|20px|20px|true|true&#8221; border_radii=&#8221;on|20px|20px|20px|20px&#8221; border_width_all=&#8221;1px&#8221; border_color_all=&#8221;#D6D6D6&#8243; global_colors_info=&#8221;{}&#8221;][et_pb_column type=&#8221;4_4&#8243; _builder_version=&#8221;4.21.0&#8243; _module_preset=&#8221;default&#8221; global_colors_info=&#8221;{}&#8221;][et_pb_text _builder_version=&#8221;4.21.0&#8243; _module_preset=&#8221;default&#8221; text_font=&#8221;DM Sans||||||||&#8221; text_text_color=&#8221;#474747&#8243; text_font_size=&#8221;20px&#8221; text_line_height=&#8221;1.6em&#8221; header_font=&#8221;DM Serif Display||||||||&#8221; global_colors_info=&#8221;{}&#8221;]<\/p>\n<p>K\u00e9rj\u00fck r\u00e9szv\u00e9teli sz\u00e1nd\u00e9kotokat 2024.05.01-ig jelezz\u00e9tek fel\u00e9nk<\/p>\n<p>[\/et_pb_text][et_pb_button button_url=&#8221;https:\/\/mqhig60n0pp.typeform.com\/to\/FczDznPm&#8221; button_text=&#8221;Visszajelzek&#8221; _builder_version=&#8221;4.21.0&#8243; _module_preset=&#8221;default&#8221; custom_button=&#8221;on&#8221; button_text_color=&#8221;#000000&#8243; button_border_width=&#8221;1px&#8221; button_border_color=&#8221;#D6D6D6&#8243; button_border_radius=&#8221;16px&#8221; button_font=&#8221;DM Serif Display||||||||&#8221; button_use_icon=&#8221;off&#8221; global_colors_info=&#8221;{}&#8221;][\/et_pb_button][\/et_pb_column][\/et_pb_row][et_pb_row use_custom_gutter=&#8221;on&#8221; gutter_width=&#8221;2&#8243; make_equal=&#8221;on&#8221; disabled_on=&#8221;off|off|on&#8221; _builder_version=&#8221;4.21.0&#8243; _module_preset=&#8221;default&#8221; width=&#8221;60%&#8221; width_tablet=&#8221;60%&#8221; width_phone=&#8221;95%&#8221; width_last_edited=&#8221;on|phone&#8221; custom_margin=&#8221;0px||30px||false|false&#8221; custom_padding=&#8221;0px||0px||true|false&#8221; global_colors_info=&#8221;{}&#8221;][et_pb_column type=&#8221;4_4&#8243; _builder_version=&#8221;4.21.0&#8243; _module_preset=&#8221;default&#8221; global_colors_info=&#8221;{}&#8221;][et_pb_text _builder_version=&#8221;4.21.0&#8243; _module_preset=&#8221;default&#8221; text_font=&#8221;DM Serif Display||||||||&#8221; text_text_color=&#8221;#000000&#8243; text_font_size=&#8221;30px&#8221; text_line_height=&#8221;1.6em&#8221; custom_margin=&#8221;||10px||false|false&#8221; custom_padding=&#8221;||0px|15px|false|false&#8221; global_colors_info=&#8221;{}&#8221;]<\/p>\n<p>A helysz\u00edn<\/p>\n<p>[\/et_pb_text][et_pb_text _builder_version=&#8221;4.21.0&#8243; _module_preset=&#8221;default&#8221; text_font=&#8221;DM Sans||||||||&#8221; text_text_color=&#8221;#000000&#8243; text_font_size=&#8221;20px&#8221; text_line_height=&#8221;1.6em&#8221; link_font=&#8221;DM Sans||||on||||&#8221; link_text_color=&#8221;#000000&#8243; link_font_size=&#8221;20px&#8221; custom_margin=&#8221;||10px||false|false&#8221; custom_padding=&#8221;||0px|15px|false|false&#8221; hover_enabled=&#8221;0&#8243; global_colors_info=&#8221;{}&#8221; sticky_enabled=&#8221;0&#8243;]<\/p>\n<p><strong><a href=\"https:\/\/napvolgy.hu\" target=\"_blank\" rel=\"noopener\">Nap-v\u00f6lgy Bor\u00e1szat \u00e9s \u00c9lm\u00e9nybirtok<\/a><br \/><\/strong>Eger, Sz\u00e9passzony-v\u00f6lgy 35.<br \/><strong><\/strong><\/p>\n<p>[\/et_pb_text][et_pb_text _builder_version=&#8221;4.21.0&#8243; _module_preset=&#8221;default&#8221; text_font=&#8221;DM Sans||||||||&#8221; text_text_color=&#8221;#474747&#8243; text_font_size=&#8221;18px&#8221; text_line_height=&#8221;1.6em&#8221; custom_margin=&#8221;||20px||false|false&#8221; custom_padding=&#8221;||0px|15px|false|false&#8221; global_colors_info=&#8221;{}&#8221;]<\/p>\n<p>A bor\u00e1szatban korl\u00e1tozott f\u00e9r\u0151hely\u0171, ingyenes parkol\u00e1s \u00e1ll rendelkez\u00e9setekre, ezen fel\u00fcl a V\u00f6lgy parkol\u00f3j\u00e1t tudj\u00e1tok ig\u00e9nybe venni.<strong><\/strong><\/p>\n<p>A Sz\u00e9passzony-v\u00f6lgy ir\u00e1ny\u00e1b\u00f3l \u00e9rkezzetek \u00e9s <span style=\"color: #000000;\"><strong>hozzatok magatokkal lapos talp\u00fa cip\u0151t is<\/strong><\/span>, mert a cerem\u00f3nia a sz\u0151l\u0151t\u0151k\u00e9k k\u00f6zt lesz.<\/p>\n<p>[\/et_pb_text][et_pb_image src=&#8221;http:\/\/eskuvo.kovacs-pataki.hu\/wp-content\/uploads\/2024\/03\/IMG_4EABAE95FAAE-1.jpeg&#8221; title_text=&#8221;IMG_4EABAE95FAAE-1&#8243; _builder_version=&#8221;4.21.0&#8243; _module_preset=&#8221;default&#8221; custom_margin=&#8221;||22px||false|false&#8221; border_radii=&#8221;on|20px|20px|20px|20px&#8221; global_colors_info=&#8221;{}&#8221;][\/et_pb_image][et_pb_image src=&#8221;http:\/\/eskuvo.kovacs-pataki.hu\/wp-content\/uploads\/2024\/02\/Untitled3-scaled.jpg&#8221; title_text=&#8221;Untitled3&#8243; disabled_on=&#8221;off|off|off&#8221; _builder_version=&#8221;4.21.0&#8243; _module_preset=&#8221;default&#8221; border_radii=&#8221;on|20px|20px|20px|20px&#8221; global_colors_info=&#8221;{}&#8221;][\/et_pb_image][et_pb_image src=&#8221;http:\/\/eskuvo.kovacs-pataki.hu\/wp-content\/uploads\/2024\/03\/KP-Logo.png&#8221; _builder_version=&#8221;4.21.0&#8243; _module_preset=&#8221;default&#8221; title_text=&#8221;KP Logo&#8221; custom_padding=&#8221;60px||60px||true|false&#8221; module_alignment=&#8221;center&#8221; width=&#8221;20%&#8221; hover_enabled=&#8221;0&#8243; sticky_enabled=&#8221;0&#8243;][\/et_pb_image][\/et_pb_column][\/et_pb_row][et_pb_row column_structure=&#8221;1_2,1_2&#8243; use_custom_gutter=&#8221;on&#8221; gutter_width=&#8221;2&#8243; make_equal=&#8221;on&#8221; disabled_on=&#8221;on|on|off&#8221; _builder_version=&#8221;4.21.0&#8243; _module_preset=&#8221;default&#8221; width=&#8221;60%&#8221; width_tablet=&#8221;60%&#8221; width_phone=&#8221;95%&#8221; width_last_edited=&#8221;on|phone&#8221; custom_margin=&#8221;0px||30px||false|false&#8221; custom_padding=&#8221;0px||0px||true|false&#8221; global_colors_info=&#8221;{}&#8221;][et_pb_column type=&#8221;1_2&#8243; disabled_on=&#8221;on|on|off&#8221; _builder_version=&#8221;4.21.0&#8243; _module_preset=&#8221;default&#8221; background_image=&#8221;http:\/\/eskuvo.kovacs-pataki.hu\/wp-content\/uploads\/2024\/02\/HEylszin-4-scaled.jpg&#8221; border_radii=&#8221;on|20px|20px|20px|20px&#8221; global_colors_info=&#8221;{}&#8221;][\/et_pb_column][et_pb_column type=&#8221;1_2&#8243; _builder_version=&#8221;4.21.0&#8243; _module_preset=&#8221;default&#8221; global_colors_info=&#8221;{}&#8221;][et_pb_image src=&#8221;http:\/\/eskuvo.kovacs-pataki.hu\/wp-content\/uploads\/2024\/02\/Helyszin-scaled.jpg&#8221; title_text=&#8221;Helysz\u00edn&#8221; _builder_version=&#8221;4.21.0&#8243; _module_preset=&#8221;default&#8221; custom_margin=&#8221;||22px||false|false&#8221; border_radii=&#8221;on|20px|20px|20px|20px&#8221; global_colors_info=&#8221;{}&#8221;][\/et_pb_image][et_pb_image src=&#8221;http:\/\/eskuvo.kovacs-pataki.hu\/wp-content\/uploads\/2024\/02\/Helyszin-scaled.jpg&#8221; title_text=&#8221;Helysz\u00edn&#8221; disabled_on=&#8221;off|off|off&#8221; _builder_version=&#8221;4.21.0&#8243; _module_preset=&#8221;default&#8221; border_radii=&#8221;on|20px|20px|20px|20px&#8221; global_colors_info=&#8221;{}&#8221;][\/et_pb_image][\/et_pb_column][\/et_pb_row][\/et_pb_section]<\/p>\n","protected":false},"excerpt":{"rendered":"<p>Kedves Csal\u00e1dunk \u00e9s Bar\u00e1taink! Nagy \u00f6r\u00f6mmel megh\u00edvunk, hogy vel\u00fcnk \u00fcnnepelj\u00e9tek szerelm\u00fcnket \u00e9s \u00faj, k\u00f6z\u00f6s \u00e9let\u00fcnk kezdet\u00e9t 2024. J\u00fanius elsej\u00e9n d\u00e9lut\u00e1n n\u00e9gy \u00f3r\u00e1t\u00f3l hajnali k\u00e9t \u00f3r\u00e1ig a Nap-v\u00f6lgy Bor\u00e1szatban, Egerben!K\u00e9rj\u00fck r\u00e9szv\u00e9teli sz\u00e1nd\u00e9kotokat 2024.05.01-ig jelezz\u00e9tek fel\u00e9nkA helysz\u00ednNap-v\u00f6lgy Bor\u00e1szat \u00e9s \u00c9lm\u00e9nybirtokEger, Sz\u00e9passzony-v\u00f6lgy 35.A bor\u00e1szatban korl\u00e1tozott f\u00e9r\u0151hely\u0171, ingyenes parkol\u00e1s \u00e1ll rendelkez\u00e9setekre, ezen fel\u00fcl a V\u00f6lgy parkol\u00f3j\u00e1t tudj\u00e1tok ig\u00e9nybe venni. [&hellip;]<\/p>\n","protected":false},"author":1,"featured_media":0,"parent":0,"menu_order":0,"comment_status":"closed","ping_status":"closed","template":"","meta":{"_et_pb_use_builder":"on","_et_pb_old_content":"","_et_gb_content_width":"","footnotes":""},"class_list":["post-8","page","type-page","status-publish","hentry"],"_links":{"self":[{"href":"https:\/\/eskuvo.kovacs-pataki.hu\/index.php?rest_route=\/wp\/v2\/pages\/8","targetHints":{"allow":["GET"]}}],"collection":[{"href":"https:\/\/eskuvo.kovacs-pataki.hu\/index.php?rest_route=\/wp\/v2\/pages"}],"about":[{"href":"https:\/\/eskuvo.kovacs-pataki.hu\/index.php?rest_route=\/wp\/v2\/types\/page"}],"author":[{"embeddable":true,"href":"https:\/\/eskuvo.kovacs-pataki.hu\/index.php?rest_route=\/wp\/v2\/users\/1"}],"replies":[{"embeddable":true,"href":"https:\/\/eskuvo.kovacs-pataki.hu\/index.php?rest_route=%2Fwp%2Fv2%2Fcomments&post=8"}],"version-history":[{"count":50,"href":"https:\/\/eskuvo.kovacs-pataki.hu\/index.php?rest_route=\/wp\/v2\/pages\/8\/revisions"}],"predecessor-version":[{"id":114,"href":"https:\/\/eskuvo.kovacs-pataki.hu\/index.php?rest_route=\/wp\/v2\/pages\/8\/revisions\/114"}],"wp:attachment":[{"href":"https:\/\/eskuvo.kovacs-pataki.hu\/index.php?rest_route=%2Fwp%2Fv2%2Fmedia&parent=8"}],"curies":[{"name":"wp","href":"https:\/\/api.w.org\/{rel}","templated":true}]}}